{"id":134,"date":"2026-01-20T15:53:00","date_gmt":"2026-01-20T15:53:00","guid":{"rendered":"https:\/\/ai-joi.net\/ueber-uns\/"},"modified":"2026-01-20T15:53:00","modified_gmt":"2026-01-20T15:53:00","slug":"ueber-uns","status":"publish","type":"page","link":"https:\/\/ai-joi.net\/de\/ueber-uns\/","title":{"rendered":"\u00dcber uns"},"content":{"rendered":"<h1 style=\"text-align: left;\"><span style=\"color: #309db0;\">\u00dcber AI JOI \ud83e\udd16\ud83d\udd25<\/span><\/h1>\n<p><a href=\"https:\/\/ai-joi.net\/de\/\">Willkommen bei AI JOI<\/a> \u2013 einer selbstbewussten, neugiergetriebenen Adult-Review-Seite, die sich auf eines konzentriert: das Rauschen rund um KI-gest\u00fctzte Lust und Interaktion zu durchdringen.<\/p>\n<p>KI entwickelt sich schnell. Der Hype noch schneller. Und nicht alles, was sich selbst als \u201edas Beste\u201c bezeichnet, verdient deine Aufmerksamkeit.  <\/p>\n<p>AI JOI existiert, um dir zu helfen herauszufinden, was es wirklich wert ist, erkundet zu werden \u2013 und was ohne einen zweiten Gedanken \u00fcbersprungen werden sollte. Wir bewerten <a href=\"https:\/\/ai-joi.net\/de\/deepnude-ki\/\">AI-Porn-Tools<\/a>, interaktive Erlebnisse und <a href=\"https:\/\/ai-joi.net\/de\/ai-porn-chat\/\">NSFW-Sexchat<\/a>-Plattformen mit Ehrlichkeit, Pers\u00f6nlichkeit und null gef\u00e4lschter Professionalit\u00e4t. Keine steife Techniksprache. Keine peinliche Moralisierung. Nur Klartext dar\u00fcber, was funktioniert und was nicht.    <\/p>\n<h2 style=\"text-align: left;\"><span style=\"color: #309db0;\">Was wir abdecken (und wie wir es abdecken) \ud83e\udd13<\/span><\/h2>\n<p><strong>AI JOI konzentriert sich auf:<\/strong><\/p>\n<p>\u2705 KI-gest\u00fctzte Adult-Tools<br \/>\n\u2705 <a href=\"https:\/\/ai-joi.net\/de\/ki-wichsanleitungen\/\">Interaktive<\/a> und konversationelle KI-Erlebnisse<br \/>\n\u2705 Aufstrebende Plattformen, die Technologie, Fantasie und Benutzerkontrolle verbinden<\/p>\n<p>Jede Bewertung basiert auf praktischen Tests und echter Nutzung, nicht auf recycelten Marketingbehauptungen. Wir k\u00fcmmern uns um: <\/p>\n<p>\ud83c\udf1f Benutzererfahrung<br \/>\n\ud83c\udf1f Feature-Tiefe<br \/>\n\ud83c\udf1f Preistransparenz<br \/>\n\ud83c\udf1f Wo eine Plattform gl\u00e4nzt \u2013 und wo sie auseinanderf\u00e4llt<\/p>\n<p>Wenn etwas liefert, verdient es sein Lob. Wenn es nur Gerede ist, sprechen wir es aus. <\/p>\n<h2 style=\"text-align: left;\"><span style=\"color: #309db0;\">Triff den Kopf hinter AI JOI \ud83d\ude08\ud83e\udd16<\/span><\/h2>\n<p><img loading=\"lazy\" decoding=\"async\" class=\" wp-image-116 alignleft\" src=\"https:\/\/ai-joi.net\/wp-content\/uploads\/2026\/01\/daniel-hoye-200x300.png\" alt=\"\" width=\"217\" height=\"326\" srcset=\"https:\/\/ai-joi.net\/wp-content\/uploads\/2026\/01\/daniel-hoye-200x300.png 200w, https:\/\/ai-joi.net\/wp-content\/uploads\/2026\/01\/daniel-hoye.png 300w\" sizes=\"auto, (max-width: 217px) 100vw, 217px\" \/><a href=\"https:\/\/ai-joi.net\/author\/admin\/\">Daniel Hoye<\/a> ist der Sch\u00f6pfer und die f\u00fchrende Stimme hinter AI JOI und pr\u00e4gt die Meinungen, Bewertungen und den No-BS-Ansatz der Website in Bezug auf KI-gest\u00fctzte Adult-Technologie.<\/p>\n<p>Daniel testet pers\u00f6nlich jedes Tool, das auf der Website behandelt wird \u2013 von interaktiven <a href=\"https:\/\/ai-joi.net\/de\/kostenlose-ki-pornogeneratoren\/\">AI-Porno-Generatoren<\/a> bis hin zu Sexchat-Plattformen, die mehr versprechen, als sie oft halten. Das Ziel ist nicht der Hype; es geht darum herauszufinden, was tats\u00e4chlich funktioniert, was \u00fcberteuert ist und was ganz vermieden werden sollte. <\/p>\n<p>Mit Erfahrung in Online-Recherche und bewertungsbasierter Ver\u00f6ffentlichung verfolgt Daniel einen praktischen, benutzerorientierten Ansatz. Er untersucht, wie diese Plattformen im realen Einsatz funktionieren, wie transparent sie in Bezug auf Preise und Grenzen sind und ob sie die Zeit eines jeden \u00fcber den Verkaufsgespr\u00e4ch hinaus wert sind. <\/p>\n<p>AI JOI jagt keinen Trends hinterher oder geht auf Nummer sicher. Bewertungen werden mit Klarheit, Selbstvertrauen und dem Verst\u00e4ndnis geschrieben, dass Leser klare Antworten wollen \u2013 nicht Marketing-Bla-Bla, das als Einsicht verkleidet ist. <\/p>\n<p>Wenn du AI JOI verwendest, um deine Entscheidungen zu treffen, verl\u00e4sst du dich auf echte Tests, klare Standards und Meinungen, die nicht zum Verkauf stehen.<\/p>\n<h2 style=\"text-align: left;\"><span style=\"color: #309db0;\">Warum AI JOI existiert \ud83d\ude0f<\/span><\/h2>\n<p>Seien wir ehrlich \u2013 die meisten Seiten in diesem Bereich spielen auf Nummer sicher oder stellen sich dumm. Einige haben Angst, eine Meinung zu haben. Andere wiederholen einfach das, was auf der Verkaufsseite steht.  <\/p>\n<p><strong>\ud83e\uddbe AI JOI wurde gebaut, um anders zu sein:<\/strong><\/p>\n<ul>\n<li>Selbstbewusst, nicht vorsichtig<\/li>\n<li>Neugierig, nicht unternehmerisch<\/li>\n<li>Ehrlich, auch wenn es unbequem ist<\/li>\n<\/ul>\n<p>Diese Seite ist f\u00fcr Leute, die echte Empfehlungen wollen, nicht Verkaufsanzeigen, die sich als Bewertungen ausgeben.<\/p>\n<h2 style=\"text-align: left;\"><span style=\"color: #309db0;\">Der Ton, die Energie, die Absicht \ud83e\udee1<\/span><\/h2>\n<p>AI JOI versucht nicht, Investoren zu beeindrucken oder wie ein Forschungslabor zu klingen.<\/p>\n<p>Es ist erwachsen. Es ist zukunftsorientiert. Es wird von einem Menschen geschrieben, der die Tools tats\u00e4chlich benutzt.  <\/p>\n<p>Erwarte:<\/p>\n<p>\u2714\ufe0f Klare Meinungen<br \/>\n\u2714\ufe0f Spielerisches Selbstvertrauen<br \/>\n\u2714\ufe0f Schreiben, das deine Zeit respektiert<\/p>\n<p><strong>Wir nehmen die Bewertungen ernst \u2013 nur nicht uns selbst.<\/strong><\/p>\n<h2 style=\"text-align: left;\"><span style=\"color: #309db0;\">Kontakt- &amp; Firmeninformationen \ud83d\udccd\ud83d\udcec<\/span><\/h2>\n<p>AI JOI glaubt an Transparenz und Verantwortlichkeit.<\/p>\n<p><strong>Adresse:<\/strong><br \/>\nAI JOI Media<br \/>\n2437 Highland Drive<br \/>\nBeaver Dam, WI 53916<br \/>\nVereinigte Staaten<\/p>\n<p><strong>E-Mail:<\/strong><br \/>\n\ud83d\udce7 <a href=\"mailto:danielhoye@aijoi.net\">danielhoye@aijoi.net<\/a><\/p>\n<p>Telefon:<br \/>\n\ud83d\udcde <a href=\"http:\/\/+1%20(920)%20689-2603\">+1 (920) 689-2603<\/a><\/p>\n<p>Fragen, Feedback oder Partnerschaften \u2013 melde dich gerne.<\/p>\n<h2 style=\"text-align: left;\"><span style=\"color: #309db0;\">Was du als N\u00e4chstes tun solltest \ud83d\udd25<\/span><\/h2>\n<p>\ud83d\udc49 Entdecke unsere <a href=\"https:\/\/ai-joi.net\/de\/kostenlose-ki-gay-pornografie\/\">neuesten Bewertungen<\/a><br \/>\n\ud83d\udc49 <a href=\"https:\/\/ai-joi.net\/de\/kostenlose-ki-freundin\/\">Vergleiche Tools<\/a>, bevor du dich festlegst<br \/>\n\ud83d\udc49 Triff intelligentere Entscheidungen in einem schnelllebigen Bereich<\/p>\n<p>AI JOI ist hier, um dir zu helfen, dich mit Klarheit, Selbstvertrauen und ohne Unsinn in der KI-gest\u00fctzten Adult-Technologie zurechtzufinden.<\/p>\n","protected":false},"excerpt":{"rendered":"<p>\u00dcber AI JOI \ud83e\udd16\ud83d\udd25 Willkommen bei AI JOI \u2013 einer selbstbewussten, neugiergetriebenen Adult-Review-Seite, die sich auf eines konzentriert: das Rauschen [&hellip;]<\/p>\n","protected":false},"author":1,"featured_media":0,"parent":0,"menu_order":0,"comment_status":"closed","ping_status":"closed","template":"","meta":{"site-sidebar-layout":"default","site-content-layout":"","ast-site-content-layout":"default","site-content-style":"default","site-sidebar-style":"default","ast-global-header-display":"","ast-banner-title-visibility":"","ast-main-header-display":"","ast-hfb-above-header-display":"","ast-hfb-below-header-display":"","ast-hfb-mobile-header-display":"","site-post-title":"disabled","ast-breadcrumbs-content":"","ast-featured-img":"","footer-sml-layout":"","theme-transparent-header-meta":"default","adv-header-id-meta":"","stick-header-meta":"","header-above-stick-meta":"","header-main-stick-meta":"","header-below-stick-meta":"","astra-migrate-meta-layouts":"default","ast-page-background-enabled":"default","ast-page-background-meta":{"desktop":{"background-color":"var(--ast-global-color-5)","background-image":"","background-repeat":"repeat","background-position":"center center","background-size":"auto","background-attachment":"scroll","background-type":"","background-media":"","overlay-type":"","overlay-color":"","overlay-opacity":"","overlay-gradient":""},"tablet":{"background-color":"","background-image":"","background-repeat":"repeat","background-position":"center center","background-size":"auto","background-attachment":"scroll","background-type":"","background-media":"","overlay-type":"","overlay-color":"","overlay-opacity":"","overlay-gradient":""},"mobile":{"background-color":"","background-image":"","background-repeat":"repeat","background-position":"center center","background-size":"auto","background-attachment":"scroll","background-type":"","background-media":"","overlay-type":"","overlay-color":"","overlay-opacity":"","overlay-gradient":""}},"ast-content-background-meta":{"desktop":{"background-color":"var(--ast-global-color-4)","background-image":"","background-repeat":"repeat","background-position":"center center","background-size":"auto","background-attachment":"scroll","background-type":"","background-media":"","overlay-type":"","overlay-color":"","overlay-opacity":"","overlay-gradient":""},"tablet":{"background-color":"var(--ast-global-color-4)","background-image":"","background-repeat":"repeat","background-position":"center center","background-size":"auto","background-attachment":"scroll","background-type":"","background-media":"","overlay-type":"","overlay-color":"","overlay-opacity":"","overlay-gradient":""},"mobile":{"background-color":"var(--ast-global-color-4)","background-image":"","background-repeat":"repeat","background-position":"center center","background-size":"auto","background-attachment":"scroll","background-type":"","background-media":"","overlay-type":"","overlay-color":"","overlay-opacity":"","overlay-gradient":""}},"footnotes":""},"class_list":["post-134","page","type-page","status-publish","hentry"],"yoast_head":"<!-- This site is optimized with the Yoast SEO plugin v19.12 - https:\/\/yoast.com\/wordpress\/plugins\/seo\/ -->\n<title>Alle \u00dcber uns AI JOI \u2013 Tauch ein!<\/title>\n<meta name=\"description\" content=\"Erfahre, worum es bei AI JOI geht, wie wir AI-Porn-Tools bewerten und wer hinter den ehrlichen, praktischen Empfehlungen steckt.\" \/>\n<meta name=\"robots\" content=\"index, follow, max-snippet:-1, max-image-preview:large, max-video-preview:-1\" \/>\n<link rel=\"canonical\" href=\"https:\/\/ai-joi.net\/de\/ueber-uns\/\" \/>\n<meta property=\"og:locale\" content=\"de_DE\" \/>\n<meta property=\"og:type\" content=\"article\" \/>\n<meta property=\"og:title\" content=\"Alle \u00dcber uns AI JOI \u2013 Tauch ein!\" \/>\n<meta property=\"og:description\" content=\"Erfahre, worum es bei AI JOI geht, wie wir AI-Porn-Tools bewerten und wer hinter den ehrlichen, praktischen Empfehlungen steckt.\" \/>\n<meta property=\"og:url\" content=\"https:\/\/ai-joi.net\/de\/ueber-uns\/\" \/>\n<meta property=\"og:site_name\" content=\"AI JOI\" \/>\n<meta property=\"og:image\" content=\"https:\/\/ai-joi.net\/wp-content\/uploads\/2026\/01\/daniel-hoye-200x300.png\" \/>\n<meta name=\"twitter:card\" content=\"summary_large_image\" \/>\n<meta name=\"twitter:label1\" content=\"Gesch\u00e4tzte Lesezeit\" \/>\n\t<meta name=\"twitter:data1\" content=\"3\u00a0Minuten\" \/>\n<script type=\"application\/ld+json\" class=\"yoast-schema-graph\">{\"@context\":\"https:\/\/schema.org\",\"@graph\":[{\"@type\":\"WebPage\",\"@id\":\"https:\/\/ai-joi.net\/de\/ueber-uns\/\",\"url\":\"https:\/\/ai-joi.net\/de\/ueber-uns\/\",\"name\":\"Alle \u00dcber uns AI JOI \u2013 Tauch ein!\",\"isPartOf\":{\"@id\":\"https:\/\/ai-joi.net\/de\/#website\"},\"datePublished\":\"2026-01-20T15:53:00+00:00\",\"dateModified\":\"2026-01-20T15:53:00+00:00\",\"description\":\"Erfahre, worum es bei AI JOI geht, wie wir AI-Porn-Tools bewerten und wer hinter den ehrlichen, praktischen Empfehlungen steckt.\",\"breadcrumb\":{\"@id\":\"https:\/\/ai-joi.net\/de\/ueber-uns\/#breadcrumb\"},\"inLanguage\":\"de\",\"potentialAction\":[{\"@type\":\"ReadAction\",\"target\":[\"https:\/\/ai-joi.net\/de\/ueber-uns\/\"]}]},{\"@type\":\"BreadcrumbList\",\"@id\":\"https:\/\/ai-joi.net\/de\/ueber-uns\/#breadcrumb\",\"itemListElement\":[{\"@type\":\"ListItem\",\"position\":1,\"name\":\"Home\",\"item\":\"https:\/\/ai-joi.net\/de\/\"},{\"@type\":\"ListItem\",\"position\":2,\"name\":\"\u00dcber uns\"}]},{\"@type\":\"WebSite\",\"@id\":\"https:\/\/ai-joi.net\/de\/#website\",\"url\":\"https:\/\/ai-joi.net\/de\/\",\"name\":\"AI JOI\",\"description\":\"Jerk Off AI\",\"potentialAction\":[{\"@type\":\"SearchAction\",\"target\":{\"@type\":\"EntryPoint\",\"urlTemplate\":\"https:\/\/ai-joi.net\/de\/?s={search_term_string}\"},\"query-input\":\"required name=search_term_string\"}],\"inLanguage\":\"de\"}]}<\/script>\n<!-- \/ Yoast SEO plugin. -->","yoast_head_json":{"title":"Alle \u00dcber uns AI JOI \u2013 Tauch ein!","description":"Erfahre, worum es bei AI JOI geht, wie wir AI-Porn-Tools bewerten und wer hinter den ehrlichen, praktischen Empfehlungen steckt.","robots":{"index":"index","follow":"follow","max-snippet":"max-snippet:-1","max-image-preview":"max-image-preview:large","max-video-preview":"max-video-preview:-1"},"canonical":"https:\/\/ai-joi.net\/de\/ueber-uns\/","og_locale":"de_DE","og_type":"article","og_title":"Alle \u00dcber uns AI JOI \u2013 Tauch ein!","og_description":"Erfahre, worum es bei AI JOI geht, wie wir AI-Porn-Tools bewerten und wer hinter den ehrlichen, praktischen Empfehlungen steckt.","og_url":"https:\/\/ai-joi.net\/de\/ueber-uns\/","og_site_name":"AI JOI","og_image":[{"url":"https:\/\/ai-joi.net\/wp-content\/uploads\/2026\/01\/daniel-hoye-200x300.png"}],"twitter_card":"summary_large_image","twitter_misc":{"Gesch\u00e4tzte Lesezeit":"3\u00a0Minuten"},"schema":{"@context":"https:\/\/schema.org","@graph":[{"@type":"WebPage","@id":"https:\/\/ai-joi.net\/de\/ueber-uns\/","url":"https:\/\/ai-joi.net\/de\/ueber-uns\/","name":"Alle \u00dcber uns AI JOI \u2013 Tauch ein!","isPartOf":{"@id":"https:\/\/ai-joi.net\/de\/#website"},"datePublished":"2026-01-20T15:53:00+00:00","dateModified":"2026-01-20T15:53:00+00:00","description":"Erfahre, worum es bei AI JOI geht, wie wir AI-Porn-Tools bewerten und wer hinter den ehrlichen, praktischen Empfehlungen steckt.","breadcrumb":{"@id":"https:\/\/ai-joi.net\/de\/ueber-uns\/#breadcrumb"},"inLanguage":"de","potentialAction":[{"@type":"ReadAction","target":["https:\/\/ai-joi.net\/de\/ueber-uns\/"]}]},{"@type":"BreadcrumbList","@id":"https:\/\/ai-joi.net\/de\/ueber-uns\/#breadcrumb","itemListElement":[{"@type":"ListItem","position":1,"name":"Home","item":"https:\/\/ai-joi.net\/de\/"},{"@type":"ListItem","position":2,"name":"\u00dcber uns"}]},{"@type":"WebSite","@id":"https:\/\/ai-joi.net\/de\/#website","url":"https:\/\/ai-joi.net\/de\/","name":"AI JOI","description":"Jerk Off AI","potentialAction":[{"@type":"SearchAction","target":{"@type":"EntryPoint","urlTemplate":"https:\/\/ai-joi.net\/de\/?s={search_term_string}"},"query-input":"required name=search_term_string"}],"inLanguage":"de"}]}},"_links":{"self":[{"href":"https:\/\/ai-joi.net\/de\/wp-json\/wp\/v2\/pages\/134","targetHints":{"allow":["GET"]}}],"collection":[{"href":"https:\/\/ai-joi.net\/de\/wp-json\/wp\/v2\/pages"}],"about":[{"href":"https:\/\/ai-joi.net\/de\/wp-json\/wp\/v2\/types\/page"}],"author":[{"embeddable":true,"href":"https:\/\/ai-joi.net\/de\/wp-json\/wp\/v2\/users\/1"}],"replies":[{"embeddable":true,"href":"https:\/\/ai-joi.net\/de\/wp-json\/wp\/v2\/comments?post=134"}],"version-history":[{"count":0,"href":"https:\/\/ai-joi.net\/de\/wp-json\/wp\/v2\/pages\/134\/revisions"}],"wp:attachment":[{"href":"https:\/\/ai-joi.net\/de\/wp-json\/wp\/v2\/media?parent=134"}],"curies":[{"name":"wp","href":"https:\/\/api.w.org\/{rel}","templated":true}]}}