{"id":171,"date":"2026-01-20T15:53:00","date_gmt":"2026-01-20T15:53:00","guid":{"rendered":"https:\/\/ai-joi.net\/acerca-de\/"},"modified":"2026-01-20T15:53:00","modified_gmt":"2026-01-20T15:53:00","slug":"acerca-de","status":"publish","type":"page","link":"https:\/\/ai-joi.net\/es\/acerca-de\/","title":{"rendered":"Acerca de"},"content":{"rendered":"<h1 style=\"text-align: left;\"><span style=\"color: #309db0;\">Acerca de AI JOI \ud83e\udd16\ud83d\udd25<\/span><\/h1>\n<p><a href=\"https:\/\/ai-joi.net\/es\/\">Bienvenido a AI JOI<\/a>: un sitio de rese\u00f1as para adultos, seguro y curioso, centrado en una cosa: cortar el rollo en torno al placer y la interacci\u00f3n impulsados por la IA.<\/p>\n<p>La IA se mueve r\u00e1pido. El bombo publicitario se mueve a\u00fan m\u00e1s r\u00e1pido. Y no todo lo que se autodenomina \u00ablo mejor\u00bb merece tu atenci\u00f3n.  <\/p>\n<p>AI JOI existe para ayudarte a descubrir qu\u00e9 vale la pena explorar y qu\u00e9 debes descartar sin pens\u00e1rtelo dos veces. Analizamos <a href=\"https:\/\/ai-joi.net\/es\/deepnude-ai\/\">herramientas de porno con IA<\/a>, experiencias interactivas y plataformas de <a href=\"https:\/\/ai-joi.net\/es\/chat-porno-con-ia\/\">chat sexual NSFW<\/a> con honestidad, personalidad y cero profesionalismo falso. Sin lenguaje t\u00e9cnico r\u00edgido. Sin moralizaciones inc\u00f3modas. Solo hablamos claro sobre lo que funciona y lo que no.    <\/p>\n<h2 style=\"text-align: left;\"><span style=\"color: #309db0;\">Lo que cubrimos (y c\u00f3mo lo cubrimos) \ud83e\udd13<\/span><\/h2>\n<p><strong>AI JOI se centra en:<\/strong><\/p>\n<p>\u2705 Herramientas para adultos impulsadas por IA<br \/>\n\u2705 Experiencias de IA <a href=\"https:\/\/ai-joi.net\/es\/instrucciones-de-ia-para-masturbarse\/\">interactivas<\/a> y conversacionales<br \/>\n\u2705 Plataformas emergentes que combinan tecnolog\u00eda, fantas\u00eda y control del usuario<\/p>\n<p>Cada rese\u00f1a se basa en pruebas pr\u00e1cticas y uso real, no en afirmaciones de marketing recicladas. Nos importa: <\/p>\n<p>\ud83c\udf1f Experiencia del usuario<br \/>\n\ud83c\udf1f Profundidad de las funciones<br \/>\n\ud83c\udf1f Transparencia de los precios<br \/>\n\ud83c\udf1f D\u00f3nde brilla una plataforma y d\u00f3nde se desmorona<\/p>\n<p>Si algo cumple, se gana los elogios. Si es puro bla, lo denunciamos. <\/p>\n<h2 style=\"text-align: left;\"><span style=\"color: #309db0;\">Conoce a la mente detr\u00e1s de AI JOI \ud83d\ude08\ud83e\udd16<\/span><\/h2>\n<p><img loading=\"lazy\" decoding=\"async\" class=\" wp-image-116 alignleft\" src=\"https:\/\/ai-joi.net\/wp-content\/uploads\/2026\/01\/daniel-hoye-200x300.png\" alt=\"\" width=\"217\" height=\"326\" srcset=\"https:\/\/ai-joi.net\/wp-content\/uploads\/2026\/01\/daniel-hoye-200x300.png 200w, https:\/\/ai-joi.net\/wp-content\/uploads\/2026\/01\/daniel-hoye.png 300w\" sizes=\"auto, (max-width: 217px) 100vw, 217px\" \/><a href=\"https:\/\/ai-joi.net\/author\/admin\/\">Daniel Hoye<\/a> es el creador y la voz principal detr\u00e1s de AI JOI, quien da forma a las opiniones, rese\u00f1as y el enfoque sin tonter\u00edas del sitio sobre la tecnolog\u00eda para adultos impulsada por la IA.<\/p>\n<p>Daniel prueba personalmente cada herramienta que se cubre en el sitio, desde <a href=\"https:\/\/ai-joi.net\/es\/generadores-de-porno-con-ia-gratuitos\/\">generadores de porno con IA<\/a> interactivos hasta plataformas de chat sexual que prometen m\u00e1s de lo que suelen ofrecer. El objetivo no es el bombo publicitario; es averiguar qu\u00e9 funciona realmente, qu\u00e9 es caro y qu\u00e9 se debe evitar por completo. <\/p>\n<p>Con experiencia en investigaci\u00f3n en l\u00ednea y publicaciones basadas en rese\u00f1as, Daniel adopta un enfoque pr\u00e1ctico y centrado en el usuario. Analiza c\u00f3mo funcionan estas plataformas en el uso real, cu\u00e1n transparentes son sobre los precios y los l\u00edmites, y si valen el tiempo de alguien m\u00e1s all\u00e1 del discurso de venta. <\/p>\n<p>AI JOI no persigue tendencias ni juega a lo seguro. Las rese\u00f1as est\u00e1n escritas con claridad, confianza y la comprensi\u00f3n de que los lectores quieren respuestas directas, no pelusa de marketing disfrazada de informaci\u00f3n. <\/p>\n<p>Si est\u00e1s utilizando AI JOI para guiar tus elecciones, est\u00e1s confiando en pruebas reales, est\u00e1ndares claros y opiniones que no est\u00e1n a la venta.<\/p>\n<h2 style=\"text-align: left;\"><span style=\"color: #309db0;\">\u00bfPor qu\u00e9 existe AI JOI? \ud83d\ude0f<\/span><\/h2>\n<p>Seamos realistas: la mayor\u00eda de los sitios en este espacio est\u00e1n jugando a lo seguro o haci\u00e9ndose los tontos. Algunos tienen miedo de tener opiniones. Otros simplemente repiten lo que dice la p\u00e1gina de ventas.  <\/p>\n<p><strong>\ud83e\uddbe AI JOI se cre\u00f3 para ser diferente:<\/strong><\/p>\n<ul>\n<li>Seguro, no cauteloso<\/li>\n<li>Curioso, no corporativo<\/li>\n<li>Honesto, incluso cuando es inconveniente<\/li>\n<\/ul>\n<p>Este sitio es para personas que quieren recomendaciones reales, no textos de ventas que pretenden ser rese\u00f1as.<\/p>\n<h2 style=\"text-align: left;\"><span style=\"color: #309db0;\">El tono, la energ\u00eda, la intenci\u00f3n \ud83e\udee1<\/span><\/h2>\n<p>AI JOI no est\u00e1 tratando de impresionar a los inversores ni de sonar como un laboratorio de investigaci\u00f3n.<\/p>\n<p>Es para adultos. Est\u00e1 orientado a la tecnolog\u00eda. Est\u00e1 escrito por un humano que realmente usa las herramientas.  <\/p>\n<p>Espera:<\/p>\n<p>\u2714\ufe0f Opiniones claras<br \/>\n\u2714\ufe0f Confianza juguetona<br \/>\n\u2714\ufe0f Escritura que respeta tu tiempo<\/p>\n<p><strong>Nos tomamos las rese\u00f1as en serio, pero no a nosotros mismos.<\/strong><\/p>\n<h2 style=\"text-align: left;\"><span style=\"color: #309db0;\">Informaci\u00f3n de contacto y de la empresa \ud83d\udccd\ud83d\udcec<\/span><\/h2>\n<p>AI JOI cree en la transparencia y la responsabilidad.<\/p>\n<p><strong>Direcci\u00f3n:<\/strong><br \/>\nAI JOI Media<br \/>\n2437 Highland Drive<br \/>\nBeaver Dam, WI 53916<br \/>\nEstados Unidos<\/p>\n<p><strong>Correo electr\u00f3nico:<\/strong><br \/>\n\ud83d\udce7 <a href=\"mailto:danielhoye@aijoi.net\">danielhoye@aijoi.net<\/a><\/p>\n<p>Tel\u00e9fono:<br \/>\n\ud83d\udcde <a href=\"http:\/\/+1%20(920)%20689-2603\">+1 (920) 689-2603<\/a><\/p>\n<p>Preguntas, comentarios o asociaciones: no dudes en ponerte en contacto.<\/p>\n<h2 style=\"text-align: left;\"><span style=\"color: #309db0;\">Qu\u00e9 deber\u00edas hacer ahora \ud83d\udd25<\/span><\/h2>\n<p>\ud83d\udc49 Explora nuestras <a href=\"https:\/\/ai-joi.net\/es\/porno-gay-con-ia-gratis\/\">\u00faltimas rese\u00f1as<\/a><br \/>\n\ud83d\udc49 <a href=\"https:\/\/ai-joi.net\/es\/novia-ia-gratis\/\">Compara herramientas<\/a> antes de comprometerte<br \/>\n\ud83d\udc49 Toma decisiones m\u00e1s inteligentes en un espacio de r\u00e1pido movimiento<\/p>\n<p>AI JOI est\u00e1 aqu\u00ed para ayudarte a navegar por la tecnolog\u00eda para adultos impulsada por la IA con claridad, confianza y cero tonter\u00edas.<\/p>\n","protected":false},"excerpt":{"rendered":"<p>Acerca de AI JOI \ud83e\udd16\ud83d\udd25 Bienvenido a AI JOI: un sitio de rese\u00f1as para adultos, seguro y curioso, centrado en [&hellip;]<\/p>\n","protected":false},"author":1,"featured_media":0,"parent":0,"menu_order":0,"comment_status":"closed","ping_status":"closed","template":"","meta":{"site-sidebar-layout":"default","site-content-layout":"","ast-site-content-layout":"default","site-content-style":"default","site-sidebar-style":"default","ast-global-header-display":"","ast-banner-title-visibility":"","ast-main-header-display":"","ast-hfb-above-header-display":"","ast-hfb-below-header-display":"","ast-hfb-mobile-header-display":"","site-post-title":"disabled","ast-breadcrumbs-content":"","ast-featured-img":"","footer-sml-layout":"","theme-transparent-header-meta":"default","adv-header-id-meta":"","stick-header-meta":"","header-above-stick-meta":"","header-main-stick-meta":"","header-below-stick-meta":"","astra-migrate-meta-layouts":"default","ast-page-background-enabled":"default","ast-page-background-meta":{"desktop":{"background-color":"var(--ast-global-color-5)","background-image":"","background-repeat":"repeat","background-position":"center center","background-size":"auto","background-attachment":"scroll","background-type":"","background-media":"","overlay-type":"","overlay-color":"","overlay-opacity":"","overlay-gradient":""},"tablet":{"background-color":"","background-image":"","background-repeat":"repeat","background-position":"center center","background-size":"auto","background-attachment":"scroll","background-type":"","background-media":"","overlay-type":"","overlay-color":"","overlay-opacity":"","overlay-gradient":""},"mobile":{"background-color":"","background-image":"","background-repeat":"repeat","background-position":"center center","background-size":"auto","background-attachment":"scroll","background-type":"","background-media":"","overlay-type":"","overlay-color":"","overlay-opacity":"","overlay-gradient":""}},"ast-content-background-meta":{"desktop":{"background-color":"var(--ast-global-color-4)","background-image":"","background-repeat":"repeat","background-position":"center center","background-size":"auto","background-attachment":"scroll","background-type":"","background-media":"","overlay-type":"","overlay-color":"","overlay-opacity":"","overlay-gradient":""},"tablet":{"background-color":"var(--ast-global-color-4)","background-image":"","background-repeat":"repeat","background-position":"center center","background-size":"auto","background-attachment":"scroll","background-type":"","background-media":"","overlay-type":"","overlay-color":"","overlay-opacity":"","overlay-gradient":""},"mobile":{"background-color":"var(--ast-global-color-4)","background-image":"","background-repeat":"repeat","background-position":"center center","background-size":"auto","background-attachment":"scroll","background-type":"","background-media":"","overlay-type":"","overlay-color":"","overlay-opacity":"","overlay-gradient":""}},"footnotes":""},"class_list":["post-171","page","type-page","status-publish","hentry"],"yoast_head":"<!-- This site is optimized with the Yoast SEO plugin v19.12 - https:\/\/yoast.com\/wordpress\/plugins\/seo\/ -->\n<title>Todo Acerca de AI JOI: \u00a1Sum\u00e9rgete!<\/title>\n<meta name=\"description\" content=\"Descubre de qu\u00e9 trata AI JOI, c\u00f3mo analizamos las herramientas de porno con IA y qui\u00e9n est\u00e1 detr\u00e1s de las recomendaciones honestas y pr\u00e1cticas.\" \/>\n<meta name=\"robots\" content=\"index, follow, max-snippet:-1, max-image-preview:large, max-video-preview:-1\" \/>\n<link rel=\"canonical\" href=\"https:\/\/ai-joi.net\/es\/acerca-de\/\" \/>\n<meta property=\"og:locale\" content=\"es_ES\" \/>\n<meta property=\"og:type\" content=\"article\" \/>\n<meta property=\"og:title\" content=\"Todo Acerca de AI JOI: \u00a1Sum\u00e9rgete!\" \/>\n<meta property=\"og:description\" content=\"Descubre de qu\u00e9 trata AI JOI, c\u00f3mo analizamos las herramientas de porno con IA y qui\u00e9n est\u00e1 detr\u00e1s de las recomendaciones honestas y pr\u00e1cticas.\" \/>\n<meta property=\"og:url\" content=\"https:\/\/ai-joi.net\/es\/acerca-de\/\" \/>\n<meta property=\"og:site_name\" content=\"AI JOI\" \/>\n<meta property=\"og:image\" content=\"https:\/\/ai-joi.net\/wp-content\/uploads\/2026\/01\/daniel-hoye-200x300.png\" \/>\n<meta name=\"twitter:card\" content=\"summary_large_image\" \/>\n<meta name=\"twitter:label1\" content=\"Tiempo de lectura\" \/>\n\t<meta name=\"twitter:data1\" content=\"3 minutos\" \/>\n<script type=\"application\/ld+json\" class=\"yoast-schema-graph\">{\"@context\":\"https:\/\/schema.org\",\"@graph\":[{\"@type\":\"WebPage\",\"@id\":\"https:\/\/ai-joi.net\/es\/acerca-de\/\",\"url\":\"https:\/\/ai-joi.net\/es\/acerca-de\/\",\"name\":\"Todo Acerca de AI JOI: \u00a1Sum\u00e9rgete!\",\"isPartOf\":{\"@id\":\"https:\/\/ai-joi.net\/es\/#website\"},\"datePublished\":\"2026-01-20T15:53:00+00:00\",\"dateModified\":\"2026-01-20T15:53:00+00:00\",\"description\":\"Descubre de qu\u00e9 trata AI JOI, c\u00f3mo analizamos las herramientas de porno con IA y qui\u00e9n est\u00e1 detr\u00e1s de las recomendaciones honestas y pr\u00e1cticas.\",\"breadcrumb\":{\"@id\":\"https:\/\/ai-joi.net\/es\/acerca-de\/#breadcrumb\"},\"inLanguage\":\"es\",\"potentialAction\":[{\"@type\":\"ReadAction\",\"target\":[\"https:\/\/ai-joi.net\/es\/acerca-de\/\"]}]},{\"@type\":\"BreadcrumbList\",\"@id\":\"https:\/\/ai-joi.net\/es\/acerca-de\/#breadcrumb\",\"itemListElement\":[{\"@type\":\"ListItem\",\"position\":1,\"name\":\"Home\",\"item\":\"https:\/\/ai-joi.net\/es\/ai-joi\/\"},{\"@type\":\"ListItem\",\"position\":2,\"name\":\"Acerca de\"}]},{\"@type\":\"WebSite\",\"@id\":\"https:\/\/ai-joi.net\/es\/#website\",\"url\":\"https:\/\/ai-joi.net\/es\/\",\"name\":\"AI JOI\",\"description\":\"Jerk Off AI\",\"potentialAction\":[{\"@type\":\"SearchAction\",\"target\":{\"@type\":\"EntryPoint\",\"urlTemplate\":\"https:\/\/ai-joi.net\/es\/?s={search_term_string}\"},\"query-input\":\"required name=search_term_string\"}],\"inLanguage\":\"es\"}]}<\/script>\n<!-- \/ Yoast SEO plugin. -->","yoast_head_json":{"title":"Todo Acerca de AI JOI: \u00a1Sum\u00e9rgete!","description":"Descubre de qu\u00e9 trata AI JOI, c\u00f3mo analizamos las herramientas de porno con IA y qui\u00e9n est\u00e1 detr\u00e1s de las recomendaciones honestas y pr\u00e1cticas.","robots":{"index":"index","follow":"follow","max-snippet":"max-snippet:-1","max-image-preview":"max-image-preview:large","max-video-preview":"max-video-preview:-1"},"canonical":"https:\/\/ai-joi.net\/es\/acerca-de\/","og_locale":"es_ES","og_type":"article","og_title":"Todo Acerca de AI JOI: \u00a1Sum\u00e9rgete!","og_description":"Descubre de qu\u00e9 trata AI JOI, c\u00f3mo analizamos las herramientas de porno con IA y qui\u00e9n est\u00e1 detr\u00e1s de las recomendaciones honestas y pr\u00e1cticas.","og_url":"https:\/\/ai-joi.net\/es\/acerca-de\/","og_site_name":"AI JOI","og_image":[{"url":"https:\/\/ai-joi.net\/wp-content\/uploads\/2026\/01\/daniel-hoye-200x300.png"}],"twitter_card":"summary_large_image","twitter_misc":{"Tiempo de lectura":"3 minutos"},"schema":{"@context":"https:\/\/schema.org","@graph":[{"@type":"WebPage","@id":"https:\/\/ai-joi.net\/es\/acerca-de\/","url":"https:\/\/ai-joi.net\/es\/acerca-de\/","name":"Todo Acerca de AI JOI: \u00a1Sum\u00e9rgete!","isPartOf":{"@id":"https:\/\/ai-joi.net\/es\/#website"},"datePublished":"2026-01-20T15:53:00+00:00","dateModified":"2026-01-20T15:53:00+00:00","description":"Descubre de qu\u00e9 trata AI JOI, c\u00f3mo analizamos las herramientas de porno con IA y qui\u00e9n est\u00e1 detr\u00e1s de las recomendaciones honestas y pr\u00e1cticas.","breadcrumb":{"@id":"https:\/\/ai-joi.net\/es\/acerca-de\/#breadcrumb"},"inLanguage":"es","potentialAction":[{"@type":"ReadAction","target":["https:\/\/ai-joi.net\/es\/acerca-de\/"]}]},{"@type":"BreadcrumbList","@id":"https:\/\/ai-joi.net\/es\/acerca-de\/#breadcrumb","itemListElement":[{"@type":"ListItem","position":1,"name":"Home","item":"https:\/\/ai-joi.net\/es\/ai-joi\/"},{"@type":"ListItem","position":2,"name":"Acerca de"}]},{"@type":"WebSite","@id":"https:\/\/ai-joi.net\/es\/#website","url":"https:\/\/ai-joi.net\/es\/","name":"AI JOI","description":"Jerk Off AI","potentialAction":[{"@type":"SearchAction","target":{"@type":"EntryPoint","urlTemplate":"https:\/\/ai-joi.net\/es\/?s={search_term_string}"},"query-input":"required name=search_term_string"}],"inLanguage":"es"}]}},"_links":{"self":[{"href":"https:\/\/ai-joi.net\/es\/wp-json\/wp\/v2\/pages\/171","targetHints":{"allow":["GET"]}}],"collection":[{"href":"https:\/\/ai-joi.net\/es\/wp-json\/wp\/v2\/pages"}],"about":[{"href":"https:\/\/ai-joi.net\/es\/wp-json\/wp\/v2\/types\/page"}],"author":[{"embeddable":true,"href":"https:\/\/ai-joi.net\/es\/wp-json\/wp\/v2\/users\/1"}],"replies":[{"embeddable":true,"href":"https:\/\/ai-joi.net\/es\/wp-json\/wp\/v2\/comments?post=171"}],"version-history":[{"count":0,"href":"https:\/\/ai-joi.net\/es\/wp-json\/wp\/v2\/pages\/171\/revisions"}],"wp:attachment":[{"href":"https:\/\/ai-joi.net\/es\/wp-json\/wp\/v2\/media?parent=171"}],"curies":[{"name":"wp","href":"https:\/\/api.w.org\/{rel}","templated":true}]}}