{"id":174,"date":"2026-01-20T15:53:00","date_gmt":"2026-01-20T15:53:00","guid":{"rendered":"https:\/\/ai-joi.net\/a-propos\/"},"modified":"2026-01-20T15:53:00","modified_gmt":"2026-01-20T15:53:00","slug":"a-propos","status":"publish","type":"page","link":"https:\/\/ai-joi.net\/fr\/a-propos\/","title":{"rendered":"\u00c0 propos"},"content":{"rendered":"<h1 style=\"text-align: left;\"><span style=\"color: #309db0;\">\u00c0 propos d\u2019AI JOI \ud83e\udd16\ud83d\udd25<\/span><\/h1>\n<p><a href=\"https:\/\/ai-joi.net\/fr\/\">Bienvenue sur AI JOI<\/a> &#8211; un site d\u2019\u00e9valuation pour adultes confiant et ax\u00e9 sur la curiosit\u00e9, qui se concentre sur une seule chose&nbsp;: couper \u00e0 travers le bruit autour du plaisir et de l\u2019interaction aliment\u00e9s par l\u2019IA.<\/p>\n<p>L\u2019IA \u00e9volue rapidement. Le battage m\u00e9diatique \u00e9volue encore plus vite. Et tout ce qui se dit \u00ab&nbsp;le meilleur&nbsp;\u00bb ne m\u00e9rite pas votre attention.  <\/p>\n<p>AI JOI existe pour vous aider \u00e0 d\u00e9terminer ce qui vaut r\u00e9ellement la peine d\u2019\u00eatre explor\u00e9 &#8211; et ce qui devrait \u00eatre ignor\u00e9 sans h\u00e9sitation. Nous \u00e9valuons les <a href=\"https:\/\/ai-joi.net\/fr\/deepnude-ai\/\">outils de porno IA<\/a>, les exp\u00e9riences interactives et les plateformes de <a href=\"https:\/\/ai-joi.net\/fr\/chat-porno-ia\/\">chat sexuel NSFW<\/a> avec honn\u00eatet\u00e9, personnalit\u00e9 et sans professionnalisme factice. Pas de langage technique rigide. Pas de moralisation maladroite. Juste un discours direct sur ce qui fonctionne et ce qui ne fonctionne pas.    <\/p>\n<h2 style=\"text-align: left;\"><span style=\"color: #309db0;\">Ce que nous couvrons (et comment nous le couvrons) \ud83e\udd13<\/span><\/h2>\n<p><strong>AI JOI se concentre sur&nbsp;:<\/strong><\/p>\n<p>\u2705 Outils pour adultes aliment\u00e9s par l\u2019IA<br \/>\n\u2705 Exp\u00e9riences d\u2019IA <a href=\"https:\/\/ai-joi.net\/fr\/instructions-ia-pour-branlette\/\">interactives<\/a> et conversationnelles<br \/>\n\u2705 Plateformes \u00e9mergentes qui combinent technologie, fantaisie et contr\u00f4le utilisateur<\/p>\n<p>Chaque \u00e9valuation est bas\u00e9e sur des tests pratiques et une utilisation r\u00e9elle, et non sur des affirmations marketing recycl\u00e9es. Nous nous soucions de&nbsp;: <\/p>\n<p>\ud83c\udf1f Exp\u00e9rience utilisateur<br \/>\n\ud83c\udf1f Profondeur des fonctionnalit\u00e9s<br \/>\n\ud83c\udf1f Transparence des prix<br \/>\n\ud83c\udf1f O\u00f9 une plateforme brille &#8211; et o\u00f9 elle s\u2019effondre<\/p>\n<p>Si quelque chose tient ses promesses, il m\u00e9rite ses \u00e9loges. Si ce ne sont que des paroles, nous le d\u00e9non\u00e7ons. <\/p>\n<h2 style=\"text-align: left;\"><span style=\"color: #309db0;\">Rencontrez l\u2019esprit derri\u00e8re AI JOI \ud83d\ude08\ud83e\udd16<\/span><\/h2>\n<p><img loading=\"lazy\" decoding=\"async\" class=\" wp-image-116 alignleft\" src=\"https:\/\/ai-joi.net\/wp-content\/uploads\/2026\/01\/daniel-hoye-200x300.png\" alt=\"\" width=\"217\" height=\"326\" srcset=\"https:\/\/ai-joi.net\/wp-content\/uploads\/2026\/01\/daniel-hoye-200x300.png 200w, https:\/\/ai-joi.net\/wp-content\/uploads\/2026\/01\/daniel-hoye.png 300w\" sizes=\"auto, (max-width: 217px) 100vw, 217px\" \/><a href=\"https:\/\/ai-joi.net\/author\/admin\/\">Daniel Hoye<\/a> est le cr\u00e9ateur et la principale voix derri\u00e8re AI JOI, fa\u00e7onnant les opinions, les \u00e9valuations et l\u2019approche sans b\u00eatises du site en mati\u00e8re de technologie pour adultes aliment\u00e9e par l\u2019IA.<\/p>\n<p>Daniel teste personnellement tous les outils couverts sur le site &#8211; des <a href=\"https:\/\/ai-joi.net\/fr\/generateurs-de-porno-ia-gratuits\/\">g\u00e9n\u00e9rateurs de porno IA<\/a> interactifs aux plateformes de chat sexuel qui promettent plus qu\u2019elles ne tiennent souvent. L\u2019objectif n\u2019est pas le battage m\u00e9diatique&nbsp;; il s\u2019agit de d\u00e9terminer ce qui fonctionne r\u00e9ellement, ce qui est trop cher et ce qui devrait \u00eatre \u00e9vit\u00e9 compl\u00e8tement. <\/p>\n<p>Gr\u00e2ce \u00e0 son exp\u00e9rience dans la recherche en ligne et la publication d\u2019\u00e9valuations, Daniel adopte une approche pratique et ax\u00e9e sur l\u2019utilisateur. Il examine comment ces plateformes fonctionnent en utilisation r\u00e9elle, \u00e0 quel point elles sont transparentes au sujet des prix et des limites, et si elles valent le temps de quiconque au-del\u00e0 du argumentaire de vente. <\/p>\n<p>AI JOI ne court pas apr\u00e8s les tendances et ne joue pas la s\u00e9curit\u00e9. Les \u00e9valuations sont r\u00e9dig\u00e9es avec clart\u00e9, confiance et la compr\u00e9hension que les lecteurs veulent des r\u00e9ponses directes &#8211; pas du remplissage marketing d\u00e9guis\u00e9 en aper\u00e7u. <\/p>\n<p>Si vous utilisez AI JOI pour guider vos choix, vous vous fiez \u00e0 des tests r\u00e9els, \u00e0 des normes claires et \u00e0 des opinions qui ne sont pas \u00e0 vendre.<\/p>\n<h2 style=\"text-align: left;\"><span style=\"color: #309db0;\">Pourquoi AI JOI existe \ud83d\ude0f<\/span><\/h2>\n<p>Soyons r\u00e9alistes &#8211; la plupart des sites dans cet espace jouent la s\u00e9curit\u00e9 ou font les innocents. Certains ont peur d\u2019avoir des opinions. D\u2019autres ne font que r\u00e9p\u00e9ter ce que dit la page de vente.  <\/p>\n<p><strong>\ud83e\uddbe AI JOI a \u00e9t\u00e9 con\u00e7u pour \u00eatre diff\u00e9rent&nbsp;:<\/strong><\/p>\n<ul>\n<li>Confiant, pas prudent<\/li>\n<li>Curieux, pas corporatif<\/li>\n<li>Honn\u00eate, m\u00eame quand c\u2019est g\u00eanant<\/li>\n<\/ul>\n<p>Ce site est pour les personnes qui veulent de vraies recommandations, pas des textes de vente qui se font passer pour des \u00e9valuations.<\/p>\n<h2 style=\"text-align: left;\"><span style=\"color: #309db0;\">Le ton, l\u2019\u00e9nergie, l\u2019intention \ud83e\udee1<\/span><\/h2>\n<p>AI JOI n\u2019essaie pas d\u2019impressionner les investisseurs ou de ressembler \u00e0 un laboratoire de recherche.<\/p>\n<p>C\u2019est pour adultes. C\u2019est \u00e0 la pointe de la technologie. Il est \u00e9crit par un humain qui utilise r\u00e9ellement les outils.  <\/p>\n<p>Attends-toi \u00e0&nbsp;:<\/p>\n<p>\u2714\ufe0f Opinions claires<br \/>\n\u2714\ufe0f Confiance ludique<br \/>\n\u2714\ufe0f Une \u00e9criture qui respecte votre temps<\/p>\n<p><strong>Nous prenons les \u00e9valuations au s\u00e9rieux &#8211; mais pas nous-m\u00eames.<\/strong><\/p>\n<h2 style=\"text-align: left;\"><span style=\"color: #309db0;\">Coordonn\u00e9es et informations sur l&rsquo;entreprise \ud83d\udccd\ud83d\udcec<\/span><\/h2>\n<p>AI JOI croit en la transparence et la responsabilit\u00e9.<\/p>\n<p><strong>Adresse&nbsp;:<\/strong><br \/>\nAI JOI Media<br \/>\n2437 Highland Drive<br \/>\nBeaver Dam, WI 53916<br \/>\n\u00c9tats-Unis<\/p>\n<p><strong>Courriel&nbsp;:<\/strong><br \/>\n\ud83d\udce7 <a href=\"mailto:danielhoye@aijoi.net\">danielhoye@aijoi.net<\/a><\/p>\n<p>T\u00e9l\u00e9phone&nbsp;:<br \/>\n\ud83d\udcde <a href=\"http:\/\/+1%20(920)%20689-2603\">+1 (920) 689-2603<\/a><\/p>\n<p>Questions, commentaires ou partenariats &#8211; n\u2019h\u00e9sitez pas \u00e0 nous contacter.<\/p>\n<h2 style=\"text-align: left;\"><span style=\"color: #309db0;\">Ce que tu devrais faire ensuite \ud83d\udd25<\/span><\/h2>\n<p>\ud83d\udc49 Explorez nos <a href=\"https:\/\/ai-joi.net\/fr\/porno-gay-ia-gratuit\/\">derni\u00e8res \u00e9valuations<\/a><br \/>\n\ud83d\udc49 <a href=\"https:\/\/ai-joi.net\/fr\/copine-ia-gratuite\/\">Comparez les outils<\/a> avant de vous engager<br \/>\n\ud83d\udc49 Faites des choix plus judicieux dans un espace en \u00e9volution rapide<\/p>\n<p>AI JOI est l\u00e0 pour vous aider \u00e0 naviguer dans la technologie pour adultes aliment\u00e9e par l\u2019IA avec clart\u00e9, confiance et z\u00e9ro absurdit\u00e9.<\/p>\n","protected":false},"excerpt":{"rendered":"<p>\u00c0 propos d\u2019AI JOI \ud83e\udd16\ud83d\udd25 Bienvenue sur AI JOI &#8211; un site d\u2019\u00e9valuation pour adultes confiant et ax\u00e9 sur la [&hellip;]<\/p>\n","protected":false},"author":1,"featured_media":0,"parent":0,"menu_order":0,"comment_status":"closed","ping_status":"closed","template":"","meta":{"site-sidebar-layout":"default","site-content-layout":"","ast-site-content-layout":"default","site-content-style":"default","site-sidebar-style":"default","ast-global-header-display":"","ast-banner-title-visibility":"","ast-main-header-display":"","ast-hfb-above-header-display":"","ast-hfb-below-header-display":"","ast-hfb-mobile-header-display":"","site-post-title":"disabled","ast-breadcrumbs-content":"","ast-featured-img":"","footer-sml-layout":"","theme-transparent-header-meta":"default","adv-header-id-meta":"","stick-header-meta":"","header-above-stick-meta":"","header-main-stick-meta":"","header-below-stick-meta":"","astra-migrate-meta-layouts":"default","ast-page-background-enabled":"default","ast-page-background-meta":{"desktop":{"background-color":"var(--ast-global-color-5)","background-image":"","background-repeat":"repeat","background-position":"center center","background-size":"auto","background-attachment":"scroll","background-type":"","background-media":"","overlay-type":"","overlay-color":"","overlay-opacity":"","overlay-gradient":""},"tablet":{"background-color":"","background-image":"","background-repeat":"repeat","background-position":"center center","background-size":"auto","background-attachment":"scroll","background-type":"","background-media":"","overlay-type":"","overlay-color":"","overlay-opacity":"","overlay-gradient":""},"mobile":{"background-color":"","background-image":"","background-repeat":"repeat","background-position":"center center","background-size":"auto","background-attachment":"scroll","background-type":"","background-media":"","overlay-type":"","overlay-color":"","overlay-opacity":"","overlay-gradient":""}},"ast-content-background-meta":{"desktop":{"background-color":"var(--ast-global-color-4)","background-image":"","background-repeat":"repeat","background-position":"center center","background-size":"auto","background-attachment":"scroll","background-type":"","background-media":"","overlay-type":"","overlay-color":"","overlay-opacity":"","overlay-gradient":""},"tablet":{"background-color":"var(--ast-global-color-4)","background-image":"","background-repeat":"repeat","background-position":"center center","background-size":"auto","background-attachment":"scroll","background-type":"","background-media":"","overlay-type":"","overlay-color":"","overlay-opacity":"","overlay-gradient":""},"mobile":{"background-color":"var(--ast-global-color-4)","background-image":"","background-repeat":"repeat","background-position":"center center","background-size":"auto","background-attachment":"scroll","background-type":"","background-media":"","overlay-type":"","overlay-color":"","overlay-opacity":"","overlay-gradient":""}},"footnotes":""},"class_list":["post-174","page","type-page","status-publish","hentry"],"yoast_head":"<!-- This site is optimized with the Yoast SEO plugin v19.12 - https:\/\/yoast.com\/wordpress\/plugins\/seo\/ -->\n<title>Tous les \u00c0 propos AI JOI - Plongez-vous dedans\u00a0!<\/title>\n<meta name=\"description\" content=\"D\u00e9couvrez ce qu\u2019est AI JOI, comment nous \u00e9valuons les outils de porno IA et qui se cache derri\u00e8re les recommandations honn\u00eates et pratiques.\" \/>\n<meta name=\"robots\" content=\"index, follow, max-snippet:-1, max-image-preview:large, max-video-preview:-1\" \/>\n<link rel=\"canonical\" href=\"https:\/\/ai-joi.net\/fr\/a-propos\/\" \/>\n<meta property=\"og:locale\" content=\"fr_FR\" \/>\n<meta property=\"og:type\" content=\"article\" \/>\n<meta property=\"og:title\" content=\"Tous les \u00c0 propos AI JOI - Plongez-vous dedans\u00a0!\" \/>\n<meta property=\"og:description\" content=\"D\u00e9couvrez ce qu\u2019est AI JOI, comment nous \u00e9valuons les outils de porno IA et qui se cache derri\u00e8re les recommandations honn\u00eates et pratiques.\" \/>\n<meta property=\"og:url\" content=\"https:\/\/ai-joi.net\/fr\/a-propos\/\" \/>\n<meta property=\"og:site_name\" content=\"AI JOI\" \/>\n<meta property=\"og:image\" content=\"https:\/\/ai-joi.net\/wp-content\/uploads\/2026\/01\/daniel-hoye-200x300.png\" \/>\n<meta name=\"twitter:card\" content=\"summary_large_image\" \/>\n<meta name=\"twitter:label1\" content=\"Dur\u00e9e de lecture estim\u00e9e\" \/>\n\t<meta name=\"twitter:data1\" content=\"4 minutes\" \/>\n<script type=\"application\/ld+json\" class=\"yoast-schema-graph\">{\"@context\":\"https:\/\/schema.org\",\"@graph\":[{\"@type\":\"WebPage\",\"@id\":\"https:\/\/ai-joi.net\/fr\/a-propos\/\",\"url\":\"https:\/\/ai-joi.net\/fr\/a-propos\/\",\"name\":\"Tous les \u00c0 propos AI JOI - Plongez-vous dedans\u00a0!\",\"isPartOf\":{\"@id\":\"https:\/\/ai-joi.net\/fr\/#website\"},\"datePublished\":\"2026-01-20T15:53:00+00:00\",\"dateModified\":\"2026-01-20T15:53:00+00:00\",\"description\":\"D\u00e9couvrez ce qu\u2019est AI JOI, comment nous \u00e9valuons les outils de porno IA et qui se cache derri\u00e8re les recommandations honn\u00eates et pratiques.\",\"breadcrumb\":{\"@id\":\"https:\/\/ai-joi.net\/fr\/a-propos\/#breadcrumb\"},\"inLanguage\":\"fr-FR\",\"potentialAction\":[{\"@type\":\"ReadAction\",\"target\":[\"https:\/\/ai-joi.net\/fr\/a-propos\/\"]}]},{\"@type\":\"BreadcrumbList\",\"@id\":\"https:\/\/ai-joi.net\/fr\/a-propos\/#breadcrumb\",\"itemListElement\":[{\"@type\":\"ListItem\",\"position\":1,\"name\":\"Home\",\"item\":\"https:\/\/ai-joi.net\/fr\/ia-joi\/\"},{\"@type\":\"ListItem\",\"position\":2,\"name\":\"\u00c0 propos\"}]},{\"@type\":\"WebSite\",\"@id\":\"https:\/\/ai-joi.net\/fr\/#website\",\"url\":\"https:\/\/ai-joi.net\/fr\/\",\"name\":\"AI JOI\",\"description\":\"Jerk Off AI\",\"potentialAction\":[{\"@type\":\"SearchAction\",\"target\":{\"@type\":\"EntryPoint\",\"urlTemplate\":\"https:\/\/ai-joi.net\/fr\/?s={search_term_string}\"},\"query-input\":\"required name=search_term_string\"}],\"inLanguage\":\"fr-FR\"}]}<\/script>\n<!-- \/ Yoast SEO plugin. -->","yoast_head_json":{"title":"Tous les \u00c0 propos AI JOI - Plongez-vous dedans\u00a0!","description":"D\u00e9couvrez ce qu\u2019est AI JOI, comment nous \u00e9valuons les outils de porno IA et qui se cache derri\u00e8re les recommandations honn\u00eates et pratiques.","robots":{"index":"index","follow":"follow","max-snippet":"max-snippet:-1","max-image-preview":"max-image-preview:large","max-video-preview":"max-video-preview:-1"},"canonical":"https:\/\/ai-joi.net\/fr\/a-propos\/","og_locale":"fr_FR","og_type":"article","og_title":"Tous les \u00c0 propos AI JOI - Plongez-vous dedans\u00a0!","og_description":"D\u00e9couvrez ce qu\u2019est AI JOI, comment nous \u00e9valuons les outils de porno IA et qui se cache derri\u00e8re les recommandations honn\u00eates et pratiques.","og_url":"https:\/\/ai-joi.net\/fr\/a-propos\/","og_site_name":"AI JOI","og_image":[{"url":"https:\/\/ai-joi.net\/wp-content\/uploads\/2026\/01\/daniel-hoye-200x300.png"}],"twitter_card":"summary_large_image","twitter_misc":{"Dur\u00e9e de lecture estim\u00e9e":"4 minutes"},"schema":{"@context":"https:\/\/schema.org","@graph":[{"@type":"WebPage","@id":"https:\/\/ai-joi.net\/fr\/a-propos\/","url":"https:\/\/ai-joi.net\/fr\/a-propos\/","name":"Tous les \u00c0 propos AI JOI - Plongez-vous dedans\u00a0!","isPartOf":{"@id":"https:\/\/ai-joi.net\/fr\/#website"},"datePublished":"2026-01-20T15:53:00+00:00","dateModified":"2026-01-20T15:53:00+00:00","description":"D\u00e9couvrez ce qu\u2019est AI JOI, comment nous \u00e9valuons les outils de porno IA et qui se cache derri\u00e8re les recommandations honn\u00eates et pratiques.","breadcrumb":{"@id":"https:\/\/ai-joi.net\/fr\/a-propos\/#breadcrumb"},"inLanguage":"fr-FR","potentialAction":[{"@type":"ReadAction","target":["https:\/\/ai-joi.net\/fr\/a-propos\/"]}]},{"@type":"BreadcrumbList","@id":"https:\/\/ai-joi.net\/fr\/a-propos\/#breadcrumb","itemListElement":[{"@type":"ListItem","position":1,"name":"Home","item":"https:\/\/ai-joi.net\/fr\/ia-joi\/"},{"@type":"ListItem","position":2,"name":"\u00c0 propos"}]},{"@type":"WebSite","@id":"https:\/\/ai-joi.net\/fr\/#website","url":"https:\/\/ai-joi.net\/fr\/","name":"AI JOI","description":"Jerk Off AI","potentialAction":[{"@type":"SearchAction","target":{"@type":"EntryPoint","urlTemplate":"https:\/\/ai-joi.net\/fr\/?s={search_term_string}"},"query-input":"required name=search_term_string"}],"inLanguage":"fr-FR"}]}},"_links":{"self":[{"href":"https:\/\/ai-joi.net\/fr\/wp-json\/wp\/v2\/pages\/174","targetHints":{"allow":["GET"]}}],"collection":[{"href":"https:\/\/ai-joi.net\/fr\/wp-json\/wp\/v2\/pages"}],"about":[{"href":"https:\/\/ai-joi.net\/fr\/wp-json\/wp\/v2\/types\/page"}],"author":[{"embeddable":true,"href":"https:\/\/ai-joi.net\/fr\/wp-json\/wp\/v2\/users\/1"}],"replies":[{"embeddable":true,"href":"https:\/\/ai-joi.net\/fr\/wp-json\/wp\/v2\/comments?post=174"}],"version-history":[{"count":0,"href":"https:\/\/ai-joi.net\/fr\/wp-json\/wp\/v2\/pages\/174\/revisions"}],"wp:attachment":[{"href":"https:\/\/ai-joi.net\/fr\/wp-json\/wp\/v2\/media?parent=174"}],"curies":[{"name":"wp","href":"https:\/\/api.w.org\/{rel}","templated":true}]}}