{"id":132,"date":"2026-01-20T15:53:00","date_gmt":"2026-01-20T15:53:00","guid":{"rendered":"https:\/\/ai-joi.net\/chi-siamo\/"},"modified":"2026-01-20T15:53:00","modified_gmt":"2026-01-20T15:53:00","slug":"chi-siamo","status":"publish","type":"page","link":"https:\/\/ai-joi.net\/it\/chi-siamo\/","title":{"rendered":"Chi siamo"},"content":{"rendered":"<h1 style=\"text-align: left;\"><span style=\"color: #309db0;\">Informazioni su AI JOI \ud83e\udd16\ud83d\udd25<\/span><\/h1>\n<p><a href=\"https:\/\/ai-joi.net\/it\/\">Benvenuto su AI JOI<\/a> &#8211; un sito di recensioni per adulti sicuro e guidato dalla curiosit\u00e0, focalizzato su una cosa: fare chiarezza sul piacere e l&#8217;interazione basati sull&#8217;IA.<\/p>\n<p>L&#8217;IA si muove velocemente. L&#8217;hype si muove ancora pi\u00f9 velocemente. E non tutto ci\u00f2 che si definisce &#8220;il migliore&#8221; merita la tua attenzione.  <\/p>\n<p>AI JOI esiste per aiutarti a capire cosa vale davvero la pena esplorare e cosa dovrebbe essere saltato a pi\u00e8 pari. Recensiamo <a href=\"https:\/\/ai-joi.net\/it\/deepnude-ai\/\">strumenti di AI porn<\/a>, esperienze interattive e piattaforme di <a href=\"https:\/\/ai-joi.net\/it\/chat-porno-ai\/\">chat di sesso NSFW<\/a> con onest\u00e0, personalit\u00e0 e zero finta professionalit\u00e0. Nessun linguaggio tecnico rigido. Nessun moralismo imbarazzante. Solo discorsi diretti su ci\u00f2 che funziona e ci\u00f2 che non funziona.    <\/p>\n<h2 style=\"text-align: left;\"><span style=\"color: #309db0;\">Cosa trattiamo (e come lo trattiamo) \ud83e\udd13<\/span><\/h2>\n<p><strong>AI JOI si concentra su:<\/strong><\/p>\n<p>\u2705 Strumenti per adulti basati sull&#8217;IA<br \/>\n\u2705 Esperienze di IA <a href=\"https:\/\/ai-joi.net\/it\/istruzioni-ai-per-masturbarsi\/\">interattive<\/a> e conversazionali<br \/>\n\u2705 Piattaforme emergenti che fondono tecnologia, fantasia e controllo dell&#8217;utente<\/p>\n<p>Ogni recensione si basa su test pratici e utilizzo reale, non su affermazioni di marketing riciclate. Ci interessa: <\/p>\n<p>\ud83c\udf1f Esperienza utente<br \/>\n\ud83c\udf1f Profondit\u00e0 delle funzionalit\u00e0<br \/>\n\ud83c\udf1f Trasparenza dei prezzi<br \/>\n\ud83c\udf1f Dove una piattaforma eccelle e dove fallisce<\/p>\n<p>Se qualcosa funziona, si guadagna i suoi elogi. Se sono solo chiacchiere, lo diciamo. <\/p>\n<h2 style=\"text-align: left;\"><span style=\"color: #309db0;\">Incontra la mente dietro AI JOI \ud83d\ude08\ud83e\udd16<\/span><\/h2>\n<p><img loading=\"lazy\" decoding=\"async\" class=\" wp-image-116 alignleft\" src=\"https:\/\/ai-joi.net\/wp-content\/uploads\/2026\/01\/daniel-hoye-200x300.png\" alt=\"\" width=\"217\" height=\"326\" srcset=\"https:\/\/ai-joi.net\/wp-content\/uploads\/2026\/01\/daniel-hoye-200x300.png 200w, https:\/\/ai-joi.net\/wp-content\/uploads\/2026\/01\/daniel-hoye.png 300w\" sizes=\"auto, (max-width: 217px) 100vw, 217px\" \/><a href=\"https:\/\/ai-joi.net\/author\/admin\/\">Daniel Hoye<\/a> \u00e8 il creatore e la voce principale di AI JOI, che plasma le opinioni, le recensioni e l&#8217;approccio senza fronzoli del sito alla tecnologia per adulti basata sull&#8217;IA.<\/p>\n<p>Daniel testa personalmente ogni strumento trattato sul sito, dai <a href=\"https:\/\/ai-joi.net\/it\/generatori-di-pornografia-ai-gratuiti\/\">generatori di AI porn<\/a> interattivi alle piattaforme di chat di sesso che promettono pi\u00f9 di quanto spesso mantengano. L&#8217;obiettivo non \u00e8 l&#8217;hype; \u00e8 capire cosa funziona davvero, cosa \u00e8 troppo caro e cosa dovrebbe essere evitato del tutto. <\/p>\n<p>Con esperienza nella ricerca online e nella pubblicazione di recensioni, Daniel adotta un approccio pratico e incentrato sull&#8217;utente. Esamina come queste piattaforme si comportano nell&#8217;uso reale, quanto sono trasparenti riguardo ai prezzi e ai limiti e se valgono il tempo di qualcuno al di l\u00e0 della presentazione di vendita. <\/p>\n<p>AI JOI non insegue le tendenze o gioca sul sicuro. Le recensioni sono scritte con chiarezza, sicurezza e la consapevolezza che i lettori vogliono risposte dirette, non fluff di marketing travestito da intuizione. <\/p>\n<p>Se stai usando AI JOI per guidare le tue scelte, ti stai affidando a test reali, standard chiari e opinioni che non sono in vendita.<\/p>\n<h2 style=\"text-align: left;\"><span style=\"color: #309db0;\">Perch\u00e9 AI JOI esiste \ud83d\ude0f<\/span><\/h2>\n<p>Siamo onesti: la maggior parte dei siti in questo spazio giocano sul sicuro o fanno i finti tonti. Alcuni hanno paura di avere opinioni. Altri si limitano a ripetere ci\u00f2 che dice la pagina di vendita.  <\/p>\n<p><strong>\ud83e\uddbe AI JOI \u00e8 stato creato per essere diverso:<\/strong><\/p>\n<ul>\n<li>Sicuro, non cauto<\/li>\n<li>Curioso, non aziendale<\/li>\n<li>Onesto, anche quando \u00e8 scomodo<\/li>\n<\/ul>\n<p>Questo sito \u00e8 per le persone che vogliono raccomandazioni reali, non testi di vendita che fingono di essere recensioni.<\/p>\n<h2 style=\"text-align: left;\"><span style=\"color: #309db0;\">Il tono, l&#8217;energia, l&#8217;intento \ud83e\udee1<\/span><\/h2>\n<p>AI JOI non sta cercando di impressionare gli investitori o di sembrare un laboratorio di ricerca.<\/p>\n<p>\u00c8 per adulti. \u00c8 orientato alla tecnologia. \u00c8 scritto da un essere umano che usa effettivamente gli strumenti.  <\/p>\n<p>Aspettatevi:<\/p>\n<p>\u2714\ufe0f Opinioni chiare<br \/>\n\u2714\ufe0f Fiducia giocosa<br \/>\n\u2714\ufe0f Scrittura che rispetta il tuo tempo<\/p>\n<p><strong>Prendiamo sul serio le recensioni, non noi stessi.<\/strong><\/p>\n<h2 style=\"text-align: left;\"><span style=\"color: #309db0;\">Contatti e informazioni sull&#8217;azienda \ud83d\udccd\ud83d\udcec<\/span><\/h2>\n<p>AI JOI crede nella trasparenza e nella responsabilit\u00e0.<\/p>\n<p><strong>Indirizzo:<\/strong><br \/>\nAI JOI Media<br \/>\n2437 Highland Drive<br \/>\nBeaver Dam, WI 53916<br \/>\nStati Uniti<\/p>\n<p><strong>Email:<\/strong><br \/>\n\ud83d\udce7 <a href=\"mailto:danielhoye@aijoi.net\">danielhoye@aijoi.net<\/a><\/p>\n<p>Telefono:<br \/>\n\ud83d\udcde <a href=\"http:\/\/+1%20(920)%20689-2603\">+1 (920) 689-2603<\/a><\/p>\n<p>Domande, feedback o partnership: non esitare a contattarci.<\/p>\n<h2 style=\"text-align: left;\"><span style=\"color: #309db0;\">Cosa dovresti fare dopo \ud83d\udd25<\/span><\/h2>\n<p>\ud83d\udc49 Esplora le nostre <a href=\"https:\/\/ai-joi.net\/it\/pornografia-gay-ai-gratuita\/\">ultime recensioni<\/a><br \/>\n\ud83d\udc49 <a href=\"https:\/\/ai-joi.net\/it\/fidanzata-ai-gratuita\/\">Confronta gli strumenti<\/a> prima di impegnarti<br \/>\n\ud83d\udc49 Fai scelte pi\u00f9 intelligenti in uno spazio in rapida evoluzione<\/p>\n<p>AI JOI \u00e8 qui per aiutarti a navigare nella tecnologia per adulti basata sull&#8217;IA con chiarezza, sicurezza e zero sciocchezze.<\/p>\n","protected":false},"excerpt":{"rendered":"<p>Informazioni su AI JOI \ud83e\udd16\ud83d\udd25 Benvenuto su AI JOI &#8211; un sito di recensioni per adulti sicuro e guidato dalla [&hellip;]<\/p>\n","protected":false},"author":1,"featured_media":0,"parent":0,"menu_order":0,"comment_status":"closed","ping_status":"closed","template":"","meta":{"site-sidebar-layout":"default","site-content-layout":"","ast-site-content-layout":"default","site-content-style":"default","site-sidebar-style":"default","ast-global-header-display":"","ast-banner-title-visibility":"","ast-main-header-display":"","ast-hfb-above-header-display":"","ast-hfb-below-header-display":"","ast-hfb-mobile-header-display":"","site-post-title":"disabled","ast-breadcrumbs-content":"","ast-featured-img":"","footer-sml-layout":"","theme-transparent-header-meta":"default","adv-header-id-meta":"","stick-header-meta":"","header-above-stick-meta":"","header-main-stick-meta":"","header-below-stick-meta":"","astra-migrate-meta-layouts":"default","ast-page-background-enabled":"default","ast-page-background-meta":{"desktop":{"background-color":"var(--ast-global-color-5)","background-image":"","background-repeat":"repeat","background-position":"center center","background-size":"auto","background-attachment":"scroll","background-type":"","background-media":"","overlay-type":"","overlay-color":"","overlay-opacity":"","overlay-gradient":""},"tablet":{"background-color":"","background-image":"","background-repeat":"repeat","background-position":"center center","background-size":"auto","background-attachment":"scroll","background-type":"","background-media":"","overlay-type":"","overlay-color":"","overlay-opacity":"","overlay-gradient":""},"mobile":{"background-color":"","background-image":"","background-repeat":"repeat","background-position":"center center","background-size":"auto","background-attachment":"scroll","background-type":"","background-media":"","overlay-type":"","overlay-color":"","overlay-opacity":"","overlay-gradient":""}},"ast-content-background-meta":{"desktop":{"background-color":"var(--ast-global-color-4)","background-image":"","background-repeat":"repeat","background-position":"center center","background-size":"auto","background-attachment":"scroll","background-type":"","background-media":"","overlay-type":"","overlay-color":"","overlay-opacity":"","overlay-gradient":""},"tablet":{"background-color":"var(--ast-global-color-4)","background-image":"","background-repeat":"repeat","background-position":"center center","background-size":"auto","background-attachment":"scroll","background-type":"","background-media":"","overlay-type":"","overlay-color":"","overlay-opacity":"","overlay-gradient":""},"mobile":{"background-color":"var(--ast-global-color-4)","background-image":"","background-repeat":"repeat","background-position":"center center","background-size":"auto","background-attachment":"scroll","background-type":"","background-media":"","overlay-type":"","overlay-color":"","overlay-opacity":"","overlay-gradient":""}},"footnotes":""},"class_list":["post-132","page","type-page","status-publish","hentry"],"yoast_head":"<!-- This site is optimized with the Yoast SEO plugin v19.12 - https:\/\/yoast.com\/wordpress\/plugins\/seo\/ -->\n<title>Tutto su Chi siamo AI JOI - Tuffati!<\/title>\n<meta name=\"description\" content=\"Scopri di cosa si occupa AI JOI, come recensiamo gli strumenti di AI porn e chi c&#039;\u00e8 dietro i consigli onesti e pratici.\" \/>\n<meta name=\"robots\" content=\"index, follow, max-snippet:-1, max-image-preview:large, max-video-preview:-1\" \/>\n<link rel=\"canonical\" href=\"https:\/\/ai-joi.net\/it\/chi-siamo\/\" \/>\n<meta property=\"og:locale\" content=\"it_IT\" \/>\n<meta property=\"og:type\" content=\"article\" \/>\n<meta property=\"og:title\" content=\"Tutto su Chi siamo AI JOI - Tuffati!\" \/>\n<meta property=\"og:description\" content=\"Scopri di cosa si occupa AI JOI, come recensiamo gli strumenti di AI porn e chi c&#039;\u00e8 dietro i consigli onesti e pratici.\" \/>\n<meta property=\"og:url\" content=\"https:\/\/ai-joi.net\/it\/chi-siamo\/\" \/>\n<meta property=\"og:site_name\" content=\"AI JOI\" \/>\n<meta property=\"og:image\" content=\"https:\/\/ai-joi.net\/wp-content\/uploads\/2026\/01\/daniel-hoye-200x300.png\" \/>\n<meta name=\"twitter:card\" content=\"summary_large_image\" \/>\n<meta name=\"twitter:label1\" content=\"Tempo di lettura stimato\" \/>\n\t<meta name=\"twitter:data1\" content=\"3 minuti\" \/>\n<script type=\"application\/ld+json\" class=\"yoast-schema-graph\">{\"@context\":\"https:\/\/schema.org\",\"@graph\":[{\"@type\":\"WebPage\",\"@id\":\"https:\/\/ai-joi.net\/it\/chi-siamo\/\",\"url\":\"https:\/\/ai-joi.net\/it\/chi-siamo\/\",\"name\":\"Tutto su Chi siamo AI JOI - Tuffati!\",\"isPartOf\":{\"@id\":\"https:\/\/ai-joi.net\/it\/#website\"},\"datePublished\":\"2026-01-20T15:53:00+00:00\",\"dateModified\":\"2026-01-20T15:53:00+00:00\",\"description\":\"Scopri di cosa si occupa AI JOI, come recensiamo gli strumenti di AI porn e chi c'\u00e8 dietro i consigli onesti e pratici.\",\"breadcrumb\":{\"@id\":\"https:\/\/ai-joi.net\/it\/chi-siamo\/#breadcrumb\"},\"inLanguage\":\"it-IT\",\"potentialAction\":[{\"@type\":\"ReadAction\",\"target\":[\"https:\/\/ai-joi.net\/it\/chi-siamo\/\"]}]},{\"@type\":\"BreadcrumbList\",\"@id\":\"https:\/\/ai-joi.net\/it\/chi-siamo\/#breadcrumb\",\"itemListElement\":[{\"@type\":\"ListItem\",\"position\":1,\"name\":\"Home\",\"item\":\"https:\/\/ai-joi.net\/it\/ai-joi\/\"},{\"@type\":\"ListItem\",\"position\":2,\"name\":\"Chi siamo\"}]},{\"@type\":\"WebSite\",\"@id\":\"https:\/\/ai-joi.net\/it\/#website\",\"url\":\"https:\/\/ai-joi.net\/it\/\",\"name\":\"AI JOI\",\"description\":\"Jerk Off AI\",\"potentialAction\":[{\"@type\":\"SearchAction\",\"target\":{\"@type\":\"EntryPoint\",\"urlTemplate\":\"https:\/\/ai-joi.net\/it\/?s={search_term_string}\"},\"query-input\":\"required name=search_term_string\"}],\"inLanguage\":\"it-IT\"}]}<\/script>\n<!-- \/ Yoast SEO plugin. -->","yoast_head_json":{"title":"Tutto su Chi siamo AI JOI - Tuffati!","description":"Scopri di cosa si occupa AI JOI, come recensiamo gli strumenti di AI porn e chi c'\u00e8 dietro i consigli onesti e pratici.","robots":{"index":"index","follow":"follow","max-snippet":"max-snippet:-1","max-image-preview":"max-image-preview:large","max-video-preview":"max-video-preview:-1"},"canonical":"https:\/\/ai-joi.net\/it\/chi-siamo\/","og_locale":"it_IT","og_type":"article","og_title":"Tutto su Chi siamo AI JOI - Tuffati!","og_description":"Scopri di cosa si occupa AI JOI, come recensiamo gli strumenti di AI porn e chi c'\u00e8 dietro i consigli onesti e pratici.","og_url":"https:\/\/ai-joi.net\/it\/chi-siamo\/","og_site_name":"AI JOI","og_image":[{"url":"https:\/\/ai-joi.net\/wp-content\/uploads\/2026\/01\/daniel-hoye-200x300.png"}],"twitter_card":"summary_large_image","twitter_misc":{"Tempo di lettura stimato":"3 minuti"},"schema":{"@context":"https:\/\/schema.org","@graph":[{"@type":"WebPage","@id":"https:\/\/ai-joi.net\/it\/chi-siamo\/","url":"https:\/\/ai-joi.net\/it\/chi-siamo\/","name":"Tutto su Chi siamo AI JOI - Tuffati!","isPartOf":{"@id":"https:\/\/ai-joi.net\/it\/#website"},"datePublished":"2026-01-20T15:53:00+00:00","dateModified":"2026-01-20T15:53:00+00:00","description":"Scopri di cosa si occupa AI JOI, come recensiamo gli strumenti di AI porn e chi c'\u00e8 dietro i consigli onesti e pratici.","breadcrumb":{"@id":"https:\/\/ai-joi.net\/it\/chi-siamo\/#breadcrumb"},"inLanguage":"it-IT","potentialAction":[{"@type":"ReadAction","target":["https:\/\/ai-joi.net\/it\/chi-siamo\/"]}]},{"@type":"BreadcrumbList","@id":"https:\/\/ai-joi.net\/it\/chi-siamo\/#breadcrumb","itemListElement":[{"@type":"ListItem","position":1,"name":"Home","item":"https:\/\/ai-joi.net\/it\/ai-joi\/"},{"@type":"ListItem","position":2,"name":"Chi siamo"}]},{"@type":"WebSite","@id":"https:\/\/ai-joi.net\/it\/#website","url":"https:\/\/ai-joi.net\/it\/","name":"AI JOI","description":"Jerk Off AI","potentialAction":[{"@type":"SearchAction","target":{"@type":"EntryPoint","urlTemplate":"https:\/\/ai-joi.net\/it\/?s={search_term_string}"},"query-input":"required name=search_term_string"}],"inLanguage":"it-IT"}]}},"_links":{"self":[{"href":"https:\/\/ai-joi.net\/it\/wp-json\/wp\/v2\/pages\/132","targetHints":{"allow":["GET"]}}],"collection":[{"href":"https:\/\/ai-joi.net\/it\/wp-json\/wp\/v2\/pages"}],"about":[{"href":"https:\/\/ai-joi.net\/it\/wp-json\/wp\/v2\/types\/page"}],"author":[{"embeddable":true,"href":"https:\/\/ai-joi.net\/it\/wp-json\/wp\/v2\/users\/1"}],"replies":[{"embeddable":true,"href":"https:\/\/ai-joi.net\/it\/wp-json\/wp\/v2\/comments?post=132"}],"version-history":[{"count":0,"href":"https:\/\/ai-joi.net\/it\/wp-json\/wp\/v2\/pages\/132\/revisions"}],"wp:attachment":[{"href":"https:\/\/ai-joi.net\/it\/wp-json\/wp\/v2\/media?parent=132"}],"curies":[{"name":"wp","href":"https:\/\/api.w.org\/{rel}","templated":true}]}}